{"id":234,"date":"2025-02-10T18:50:55","date_gmt":"2025-02-10T18:50:55","guid":{"rendered":"https:\/\/hairstudio5shop.be\/?post_type=product&#038;p=234"},"modified":"2025-03-13T10:59:58","modified_gmt":"2025-03-13T10:59:58","slug":"purifying-scrub-125-ml","status":"publish","type":"product","link":"https:\/\/hairstudio5shop.be\/index.php\/product\/purifying-scrub-125-ml\/","title":{"rendered":"Purifying Scrub 125 ml"},"content":{"rendered":"<p>Zuiver, verfris en ontstress je hoofdhuid met Purifying Scalp Scrub. Deze scrub bevat arganschelppoeder om de hoofdhuid zachtjes te polijsten zonder de schurende effecten van sommige traditionele exfolianten en verwijdert effectief onzuiverheden die na verloop van tijd een negatieve invloed kunnen hebben op de gezondheid van hoofdhuid en haar, waaronder dode huidcellen, verontreinigende stoffen en productophopingen. Gebruik v\u00f3\u00f3r het wassen voor een zachtere, gladdere hoofdhuid en veerkrachtiger, frisser haar.<\/p>\n<p>&nbsp;<\/p>\n<ul>\n<li>Na slechts \u00e9\u00e9n keer gebruiken vertoonde 94% van de deelnemers een vermindering van de ophoping*<\/li>\n<li>100% is het ermee eens dat de hoofdhuid onmiddellijk ontspannen aanvoelt**<\/li>\n<li>97% is het ermee eens dat de conditie van de hoofdhuid is verbeterd na 3 keer gebruiken**<\/li>\n<li>95% is het ermee eens dat hoofdhuid en haar frisser aanvoelen**<\/li>\n<li>92% is het ermee eens dat de hoofdhuid diep gereinigd is**<\/li>\n<li>Geschikt voor een vette en droge hoofdhuid<\/li>\n<\/ul>\n<p>&nbsp;<\/p>\n<p><strong>Botanische therapie-mix<\/strong><\/p>\n<p>Deze krachtige mix van fumaria-thee en swertia japonica-extracten en bioactieve antioxidanten, exclusief voor Moroccanoil, helpt ongemak te verminderen, te beschermen en een optimale hoofdhuidomgeving te bevorderen zodat het haar kan groeien.<\/p>\n<p>&nbsp;<\/p>\n<p><strong>Over de geur<\/strong><\/p>\n<p>De Scalp Collection bevat een aromatherapeutische mix van lavendel, tea tree en bergamot waardoor elke dag aanvoelt als een spa-dag. Deze verfrissende nieuwe geur is gemaakt van natuurlijke oli\u00ebn om aan de behoeften van de hoofdhuid te voldoen.<\/p>\n","protected":false},"excerpt":{"rendered":"<p>Een zachte exfoli\u00ebrende hoofdhuidscrub om te gebruiken v\u00f3\u00f3r het wassen met shampoo om zichtbare schilfers, vettigheid en ophopingen te verminderen, waardoor een gladdere hoofdhuid en veerkrachtiger, frisser haar zichtbaar worden.<\/p>\n","protected":false},"featured_media":320,"template":"","meta":{"site-sidebar-layout":"default","site-content-layout":"","ast-site-content-layout":"default","site-content-style":"default","site-sidebar-style":"default","ast-global-header-display":"","ast-banner-title-visibility":"","ast-main-header-display":"","ast-hfb-above-header-display":"","ast-hfb-below-header-display":"","ast-hfb-mobile-header-display":"","site-post-title":"","ast-breadcrumbs-content":"","ast-featured-img":"","footer-sml-layout":"","theme-transparent-header-meta":"default","adv-header-id-meta":"","stick-header-meta":"","header-above-stick-meta":"","header-main-stick-meta":"","header-below-stick-meta":"","astra-migrate-meta-layouts":"set","ast-page-background-enabled":"default","ast-page-background-meta":{"desktop":{"background-color":"var(--ast-global-color-5)","background-image":"","background-repeat":"repeat","background-position":"center center","background-size":"auto","background-attachment":"scroll","background-type":"","background-media":"","overlay-type":"","overlay-color":"","overlay-opacity":"","overlay-gradient":""},"tablet":{"background-color":"","background-image":"","background-repeat":"repeat","background-position":"center center","background-size":"auto","background-attachment":"scroll","background-type":"","background-media":"","overlay-type":"","overlay-color":"","overlay-opacity":"","overlay-gradient":""},"mobile":{"background-color":"","background-image":"","background-repeat":"repeat","background-position":"center center","background-size":"auto","background-attachment":"scroll","background-type":"","background-media":"","overlay-type":"","overlay-color":"","overlay-opacity":"","overlay-gradient":""}},"ast-content-background-meta":{"desktop":{"background-color":"var(--ast-global-color-4)","background-image":"","background-repeat":"repeat","background-position":"center center","background-size":"auto","background-attachment":"scroll","background-type":"","background-media":"","overlay-type":"","overlay-color":"","overlay-opacity":"","overlay-gradient":""},"tablet":{"background-color":"var(--ast-global-color-4)","background-image":"","background-repeat":"repeat","background-position":"center center","background-size":"auto","background-attachment":"scroll","background-type":"","background-media":"","overlay-type":"","overlay-color":"","overlay-opacity":"","overlay-gradient":""},"mobile":{"background-color":"var(--ast-global-color-4)","background-image":"","background-repeat":"repeat","background-position":"center center","background-size":"auto","background-attachment":"scroll","background-type":"","background-media":"","overlay-type":"","overlay-color":"","overlay-opacity":"","overlay-gradient":""}}},"product_brand":[21],"product_cat":[26],"product_tag":[],"class_list":{"0":"post-234","1":"product","2":"type-product","3":"status-publish","4":"has-post-thumbnail","6":"product_brand-moroccanoil","7":"product_cat-styling-finishing","8":"desktop-align-left","9":"tablet-align-left","10":"mobile-align-left","12":"first","13":"instock","14":"shipping-taxable","15":"purchasable","16":"product-type-simple"},"_links":{"self":[{"href":"https:\/\/hairstudio5shop.be\/index.php\/wp-json\/wp\/v2\/product\/234","targetHints":{"allow":["GET"]}}],"collection":[{"href":"https:\/\/hairstudio5shop.be\/index.php\/wp-json\/wp\/v2\/product"}],"about":[{"href":"https:\/\/hairstudio5shop.be\/index.php\/wp-json\/wp\/v2\/types\/product"}],"wp:featuredmedia":[{"embeddable":true,"href":"https:\/\/hairstudio5shop.be\/index.php\/wp-json\/wp\/v2\/media\/320"}],"wp:attachment":[{"href":"https:\/\/hairstudio5shop.be\/index.php\/wp-json\/wp\/v2\/media?parent=234"}],"wp:term":[{"taxonomy":"product_brand","embeddable":true,"href":"https:\/\/hairstudio5shop.be\/index.php\/wp-json\/wp\/v2\/product_brand?post=234"},{"taxonomy":"product_cat","embeddable":true,"href":"https:\/\/hairstudio5shop.be\/index.php\/wp-json\/wp\/v2\/product_cat?post=234"},{"taxonomy":"product_tag","embeddable":true,"href":"https:\/\/hairstudio5shop.be\/index.php\/wp-json\/wp\/v2\/product_tag?post=234"}],"curies":[{"name":"wp","href":"https:\/\/api.w.org\/{rel}","templated":true}]}}